{"id":1201,"date":"2024-05-13T07:19:33","date_gmt":"2024-05-13T07:19:33","guid":{"rendered":"https:\/\/demo.bravisthemes.com\/festiva\/?page_id=1201"},"modified":"2024-10-28T17:49:48","modified_gmt":"2024-10-28T16:49:48","slug":"register","status":"publish","type":"page","link":"https:\/\/ccralgeria.com\/?page_id=1201","title":{"rendered":"Registration Exh"},"content":{"rendered":"\t\t<div data-elementor-type=\"wp-page\" data-elementor-id=\"1201\" class=\"elementor elementor-1201\" data-elementor-post-type=\"page\">\n\t\t\t\t        <section class=\"elementor-section elementor-top-section elementor-element elementor-element-d2eb42c elementor-section-stretched elementor-section-boxed elementor-section-height-default elementor-section-height-default pxl-row-scroll-none pxl-section-overflow-visible pxl-bg-color-none pxl-section-overlay-none\" data-id=\"d2eb42c\" data-element_type=\"section\" data-settings=\"{&quot;stretch_section&quot;:&quot;section-stretched&quot;,&quot;background_background&quot;:&quot;classic&quot;}\">\n\n                            <div class=\"elementor-background-overlay\"><\/div>\n            \n                <div class=\"elementor-container elementor-column-gap-extended \">\n                <div class=\"elementor-column elementor-col-100 elementor-top-column elementor-element elementor-element-0e15d0c pxl-column-none pxl-column-overflow-hidden-no\" data-id=\"0e15d0c\" data-element_type=\"column\" data-settings=\"{&quot;background_background&quot;:&quot;gradient&quot;}\">\r\n        <div class=\"elementor-widget-wrap elementor-element-populated\">\r\n                                <div class=\"elementor-background-overlay\"><\/div>\r\n         \r\n                <section class=\"elementor-section elementor-inner-section elementor-element elementor-element-af3c974 elementor-section-boxed elementor-section-height-default elementor-section-height-default pxl-row-scroll-none pxl-section-overflow-visible pxl-bg-color-none pxl-section-overlay-none\" data-id=\"af3c974\" data-element_type=\"section\">\n\n                \n                <div class=\"elementor-container elementor-column-gap-default \">\n                <div class=\"elementor-column elementor-col-100 elementor-inner-column elementor-element elementor-element-3cab234 pxl-column-none pxl-column-overflow-hidden-no\" data-id=\"3cab234\" data-element_type=\"column\" data-settings=\"{&quot;background_background&quot;:&quot;classic&quot;}\">\r\n        <div class=\"elementor-widget-wrap elementor-element-populated\">\r\n                                <div class=\"elementor-background-overlay\"><\/div>\r\n         \r\n        \t\t<div class=\"elementor-element elementor-element-5ce0575 elementor-widget elementor-widget-pxl_image\" data-id=\"5ce0575\" data-element_type=\"widget\" data-widget_type=\"pxl_image.default\">\n\t\t\t\t<div class=\"elementor-widget-container\">\n\t\t\t\t\t<div id=\"pxl_image-5ce0575-4168\" class=\"pxl-image-single  style-default  style-hover-style-1\" data-wow-delay=\"ms\"  >\r\n    <div class=\"pxl-item--inner \" data-wow-delay=\"120ms\">\r\n        \r\n                    <div class=\"pxl-item--image\" data-parallax-value=\"\">\r\n                                <img decoding=\"async\" width=\"218\" height=\"80\" src=\"https:\/\/ccralgeria.com\/wp-content\/uploads\/2024\/10\/about-us-light-1.png\" class=\"no-lazyload attachment-full\" alt=\"\" \/>                            <\/div>\r\n            \r\n        <div class=\"btn-image\">\r\n                                                    <\/div>\r\n    <\/div>\r\n<\/div>\t\t\t\t<\/div>\n\t\t\t\t<\/div>\n\t\t\t\t<div class=\"elementor-element elementor-element-0d3bd8c elementor-widget elementor-widget-pxl_heading\" data-id=\"0d3bd8c\" data-element_type=\"widget\" data-widget_type=\"pxl_heading.default\">\n\t\t\t\t<div class=\"elementor-widget-container\">\n\t\t\t\t\t<div id=\"pxl-pxl_heading-0d3bd8c-9630\" class=\"pxl-heading pxl-heading--tcustom\">\n\t<div class=\"pxl-heading--inner\">\n\n\t\t\n\t<h2 class=\"pxl-item--title   pxl-color-style-1 \" data-wow-delay=\"ms\">\n\n\n\tDemande pour Exposer\/Sponsoriser\t\t\t\n\t<\/h2>\n\n<\/div>\n<\/div>\t\t\t\t<\/div>\n\t\t\t\t<\/div>\n\t\t\t\t<div class=\"elementor-element elementor-element-59236ea elementor-widget elementor-widget-pxl_text_editor\" data-id=\"59236ea\" data-element_type=\"widget\" data-widget_type=\"pxl_text_editor.default\">\n\t\t\t\t<div class=\"elementor-widget-container\">\n\t\t\t\t\t<div class=\"pxl-text-editor\">\n\t<div class=\"pxl-item--inner \" data-wow-delay=\"ms\">\n\t\tRemplissez ce formulaire pour demander \u00e0 participer comme EXPOSANT ou SPONSOR.<\/br>Nous vous recontacterons dans les 48 h.\t\t\n\t<\/div>\n<\/div>\t\t\t\t<\/div>\n\t\t\t\t<\/div>\n\t\t\t\t<div class=\"elementor-element elementor-element-d7de6b3 elementor-widget elementor-widget-pxl_contact_form\" data-id=\"d7de6b3\" data-element_type=\"widget\" data-widget_type=\"pxl_contact_form.default\">\n\t\t\t\t<div class=\"elementor-widget-container\">\n\t\t\t\t\t    <div class=\"pxl-contact-form pxl-contact-form1-4755btn-w-auto \" data-wow-delay=\"ms\">\r\n    \t\r\n        \n<div class=\"wpcf7 no-js\" id=\"wpcf7-f4755-o1\" lang=\"en-US\" dir=\"ltr\" data-wpcf7-id=\"4755\">\n<div class=\"screen-reader-response\"><p role=\"status\" aria-live=\"polite\" aria-atomic=\"true\"><\/p> <ul><\/ul><\/div>\n<form action=\"\/index.php?rest_route=%2Fwp%2Fv2%2Fpages%2F1201#wpcf7-f4755-o1\" method=\"post\" class=\"wpcf7-form init\" aria-label=\"Contact form\" novalidate=\"novalidate\" data-status=\"init\">\n<div style=\"display: none;\">\n<input type=\"hidden\" name=\"_wpcf7\" value=\"4755\" \/>\n<input type=\"hidden\" name=\"_wpcf7_version\" value=\"6.0.3\" \/>\n<input type=\"hidden\" name=\"_wpcf7_locale\" value=\"en_US\" \/>\n<input type=\"hidden\" name=\"_wpcf7_unit_tag\" value=\"wpcf7-f4755-o1\" \/>\n<input type=\"hidden\" name=\"_wpcf7_container_post\" value=\"0\" \/>\n<input type=\"hidden\" name=\"_wpcf7_posted_data_hash\" value=\"\" \/>\n<\/div>\n<div class=\"contact-form-3\">\n\t<div class=\"wrap-ctf-calculate wrap-form\">\n\t\t<div class=\"containter\">\n\t\t\t<div class=\"row\">\n\t\t\t\t<div class=\"your-name col-xl-6 col-lg-6 col-md-6 col-sm-6 col-xs-6\">\n\t\t\t\t\t<p><span class=\"wpcf7-form-control-wrap\" data-name=\"your-name\"><input size=\"40\" maxlength=\"400\" class=\"wpcf7-form-control wpcf7-text wpcf7-validates-as-required\" aria-required=\"true\" aria-invalid=\"false\" placeholder=\"Prenom + Nom\" value=\"\" type=\"text\" name=\"your-name\" \/><\/span>\n\t\t\t\t\t<\/p>\n\t\t\t\t<\/div>\n\t\t\t\t<div class=\"your-email col-xl-6 col-lg-6 col-md-6 col-sm-6 col-xs-6\">\n\t\t\t\t\t<p><span class=\"wpcf7-form-control-wrap\" data-name=\"your-email\"><input size=\"40\" maxlength=\"400\" class=\"wpcf7-form-control wpcf7-email wpcf7-validates-as-required wpcf7-text wpcf7-validates-as-email\" aria-required=\"true\" aria-invalid=\"false\" placeholder=\"E-mail\" value=\"\" type=\"email\" name=\"your-email\" \/><\/span>\n\t\t\t\t\t<\/p>\n\t\t\t\t<\/div>\n\t\t\t\t<div class=\"your-company col-xl-6 col-lg-6 col-md-6 col-sm-6 col-xs-6\">\n\t\t\t\t\t<p><span class=\"wpcf7-form-control-wrap\" data-name=\"your-company\"><input size=\"40\" maxlength=\"400\" class=\"wpcf7-form-control wpcf7-text wpcf7-validates-as-required\" aria-required=\"true\" aria-invalid=\"false\" placeholder=\"Nom de l&#039;Entreprise\" value=\"\" type=\"text\" name=\"your-company\" \/><\/span>\n\t\t\t\t\t<\/p>\n\t\t\t\t<\/div>\n\t\t\t\t<div class=\"your-phone col-xl-6 col-lg-6 col-md-6 col-sm-6 col-xs-6\">\n\t\t\t\t\t<p><span class=\"wpcf7-form-control-wrap\" data-name=\"your-phone\"><input size=\"40\" maxlength=\"400\" class=\"wpcf7-form-control wpcf7-text wpcf7-validates-as-required\" aria-required=\"true\" aria-invalid=\"false\" placeholder=\"Tel.\" value=\"\" type=\"text\" name=\"your-phone\" \/><\/span>\n\t\t\t\t\t<\/p>\n\t\t\t\t<\/div>\n\t\t\t\t<div class=\"your-function col-xl-6 col-lg-6 col-md-6 col-sm-6 col-xs-6\">\n\t\t\t\t\t<p><span class=\"wpcf7-form-control-wrap\" data-name=\"your-function\"><input size=\"40\" maxlength=\"400\" class=\"wpcf7-form-control wpcf7-text wpcf7-validates-as-required\" aria-required=\"true\" aria-invalid=\"false\" placeholder=\"Fonction\" value=\"\" type=\"text\" name=\"your-function\" \/><\/span>\n\t\t\t\t\t<\/p>\n\t\t\t\t<\/div>\n\t\t\t\t<div class=\"your-website col-xl-6 col-lg-6 col-md-6 col-sm-6 col-xs-6\">\n\t\t\t\t\t<p><span class=\"wpcf7-form-control-wrap\" data-name=\"your-website\"><input size=\"40\" maxlength=\"400\" class=\"wpcf7-form-control wpcf7-text\" aria-invalid=\"false\" placeholder=\"Site internet (si disponible)\" value=\"\" type=\"text\" name=\"your-website\" \/><\/span>\n\t\t\t\t\t<\/p>\n\t\t\t\t<\/div>\n\t\t\t\t<div class=\"button-submit col-12\">\n\t\t\t\t\t<p><span class=\"wpcf7-form-control-wrap\" data-name=\"contact-reason\"><span class=\"wpcf7-form-control wpcf7-checkbox wpcf7-validates-as-required\"><span class=\"wpcf7-list-item first\"><label><input type=\"checkbox\" name=\"contact-reason[]\" value=\"Je souhaite exposer\/sponsoriser\" \/><span class=\"wpcf7-list-item-label\">Je souhaite exposer\/sponsoriser<\/span><\/label><\/span><span class=\"wpcf7-list-item\"><label><input type=\"checkbox\" name=\"contact-reason[]\" value=\"Je souhaite visiter\" \/><span class=\"wpcf7-list-item-label\">Je souhaite visiter<\/span><\/label><\/span><span class=\"wpcf7-list-item last\"><label><input type=\"checkbox\" name=\"contact-reason[]\" value=\"Je souhaite communiquer\" \/><span class=\"wpcf7-list-item-label\">Je souhaite communiquer<\/span><\/label><\/span><\/span><\/span>\n\t\t\t\t\t<\/p>\n\t\t\t\t\t<p><span class=\"wpcf7-form-control-wrap\" data-name=\"textarea-937\"><textarea cols=\"40\" rows=\"10\" maxlength=\"2000\" class=\"wpcf7-form-control wpcf7-textarea\" aria-invalid=\"false\" name=\"textarea-937\">Votre message<\/textarea><\/span>\n\t\t\t\t\t<\/p>\n\t\t\t\t\t<p>Chez Easyfairs, nous prenons votre vie priv\u00e9e au s\u00e9rieux et nous utiliserons les informations que nous recueillons ou recevons \u00e0 votre sujet conform\u00e9ment \u00e0 nos <a href=\"https:\/\/www.easyfairs.com\/privacy-policy\/\" target=\"_blank\" style=\"color:#8DB600;\">politique de confidentialit\u00e9<\/a>. Si vous changez d'avis, vous pouvez vous d\u00e9sabonner \u00e0 tout moment.\n\t\t\t\t\t<\/p>\n\t\t\t\t\t<p><span class=\"wpcf7-form-control-wrap\" data-name=\"acceptance-527\"><span class=\"wpcf7-form-control wpcf7-acceptance\"><span class=\"wpcf7-list-item\"><input type=\"checkbox\" name=\"acceptance-527\" value=\"1\" aria-invalid=\"false\" \/><\/span><\/span><\/span>J'accepte par la pr\u00e9sente qu'Easyfairs traite mes donn\u00e9es personnelles conform\u00e9ment \u00e0 la loi alg\u00e9rienne 18-07.\n\t\t\t\t\t<\/p>\n\t\t\t\t\t<p><input class=\"wpcf7-form-control wpcf7-submit has-spinner\" type=\"submit\" value=\"ENVOYER\" \/>\n\t\t\t\t\t<\/p>\n\t\t\t\t<\/div>\n\t\t\t<\/div>\n\t\t<\/div>\n\t<\/div>\n<\/div><div class=\"wpcf7-response-output\" aria-hidden=\"true\"><\/div>\n<\/form>\n<\/div>\n    <\/div>\r\n \t\t\t\t<\/div>\n\t\t\t\t<\/div>\n\t\t            <\/div>\r\n        <\/div>\r\n        \t\t\t<\/div>\n\t\t<\/section>\n\t\t            <\/div>\r\n        <\/div>\r\n        \t\t\t<\/div>\n\t\t<\/section>\n\t\t\t\t<\/div>\n\t\t","protected":false},"excerpt":{"rendered":"<p>Demande pour Exposer\/Sponsoriser Remplissez ce formulaire pour demander \u00e0 participer comme EXPOSANT ou SPONSOR.Nous vous recontacterons dans les 48 h. Je souhaite exposer\/sponsoriserJe souhaite visiterJe souhaite communiquer Votre message Chez Easyfairs, nous prenons votre vie priv\u00e9e au s\u00e9rieux et nous utiliserons les informations que nous recueillons ou recevons \u00e0 votre sujet conform\u00e9ment \u00e0 nos politique [&hellip;]<\/p>\n","protected":false},"author":1,"featured_media":0,"parent":0,"menu_order":0,"comment_status":"closed","ping_status":"closed","template":"","meta":{"footnotes":""},"class_list":["post-1201","page","type-page","status-publish","hentry"],"_links":{"self":[{"href":"https:\/\/ccralgeria.com\/index.php?rest_route=\/wp\/v2\/pages\/1201","targetHints":{"allow":["GET"]}}],"collection":[{"href":"https:\/\/ccralgeria.com\/index.php?rest_route=\/wp\/v2\/pages"}],"about":[{"href":"https:\/\/ccralgeria.com\/index.php?rest_route=\/wp\/v2\/types\/page"}],"author":[{"embeddable":true,"href":"https:\/\/ccralgeria.com\/index.php?rest_route=\/wp\/v2\/users\/1"}],"replies":[{"embeddable":true,"href":"https:\/\/ccralgeria.com\/index.php?rest_route=%2Fwp%2Fv2%2Fcomments&post=1201"}],"version-history":[{"count":16,"href":"https:\/\/ccralgeria.com\/index.php?rest_route=\/wp\/v2\/pages\/1201\/revisions"}],"predecessor-version":[{"id":16607,"href":"https:\/\/ccralgeria.com\/index.php?rest_route=\/wp\/v2\/pages\/1201\/revisions\/16607"}],"wp:attachment":[{"href":"https:\/\/ccralgeria.com\/index.php?rest_route=%2Fwp%2Fv2%2Fmedia&parent=1201"}],"curies":[{"name":"wp","href":"https:\/\/api.w.org\/{rel}","templated":true}]}}